{"id":21585,"date":"2019-05-22T16:36:19","date_gmt":"2019-05-22T16:36:19","guid":{"rendered":"http:\/\/bifrost.local\/?page_id=21585"},"modified":"2024-01-17T21:42:49","modified_gmt":"2024-01-17T21:42:49","slug":"bienvenue","status":"publish","type":"page","link":"https:\/\/www.nosfemmeswallonnes.be\/","title":{"rendered":"Bienvenue"},"content":{"rendered":"\t\t<div data-elementor-type=\"wp-post\" data-elementor-id=\"21585\" class=\"elementor elementor-21585\">\n\t\t\t\t\t\t<section class=\"elementor-section elementor-top-section elementor-element elementor-element-b5b0006 elementor-section-full_width elementor-section-height-min-height elementor-section-items-stretch elementor-section-height-default neuron-fixed-no\" data-id=\"b5b0006\" data-element_type=\"section\" data-e-type=\"section\" data-settings=\"{&quot;background_background&quot;:&quot;classic&quot;}\">\n\t\t\t\t\t\t<div class=\"elementor-container elementor-column-gap-no\">\n\t\t\t\t\t<div class=\"elementor-column elementor-col-100 elementor-top-column elementor-element elementor-element-77e57b6\" data-id=\"77e57b6\" data-element_type=\"column\" data-e-type=\"column\">\n\t\t\t<div class=\"elementor-widget-wrap elementor-element-populated\">\n\t\t\t\t\t\t<div class=\"elementor-element elementor-element-973c7f2 elementor-invisible elementor-widget elementor-widget-neuron-interactive-posts\" data-id=\"973c7f2\" data-element_type=\"widget\" data-e-type=\"widget\" data-widget_type=\"neuron-interactive-posts.default\">\n\t\t\t\t<div class=\"elementor-widget-container\">\n\t\t\t\t\t\t\t<div class=\"l-posts-wrapper l-interactive-posts-wrapper\" data-posts=\"973c7f2\" data-active=\"yes\" data-mouseout=\"\">\n            <div class=\"h-overflow-hidden\">\n                    <div class=\"o-interactive-item o-interactive-item--disabled post-29595 portfolio type-portfolio status-publish has-post-thumbnail hentry portfolio_category-nivelles\" data-id=\"29595\" data-count=\"1\">\n            <div class=\"o-interactive-item-inner  wow h-fadeInLeftNeuron\" >\n                <div class=\"o-interactive-item--image d-none\">\n                    <img fetchpriority=\"high\" decoding=\"async\" width=\"2048\" height=\"1046\" src=\"https:\/\/www.nosfemmeswallonnes.be\/wp-content\/uploads\/2023\/01\/Tournai.png\" class=\"attachment-post-thumbnail size-post-thumbnail wp-post-image\" alt=\"\" srcset=\"https:\/\/www.nosfemmeswallonnes.be\/wp-content\/uploads\/2023\/01\/Tournai.png 2048w, https:\/\/www.nosfemmeswallonnes.be\/wp-content\/uploads\/2023\/01\/Tournai-300x153.png 300w, https:\/\/www.nosfemmeswallonnes.be\/wp-content\/uploads\/2023\/01\/Tournai-1024x523.png 1024w, https:\/\/www.nosfemmeswallonnes.be\/wp-content\/uploads\/2023\/01\/Tournai-768x392.png 768w, https:\/\/www.nosfemmeswallonnes.be\/wp-content\/uploads\/2023\/01\/Tournai-1536x785.png 1536w, https:\/\/www.nosfemmeswallonnes.be\/wp-content\/uploads\/2023\/01\/Tournai-600x306.png 600w\" sizes=\"(max-width: 2048px) 100vw, 2048px\" \/>                <\/div>\n                <div class=\"o-interactive-item--holder\">\n                                            <span class=\"o-interactive-item--category\">Nivelles<\/span>\n                                        <h4 class=\"o-interactive-item--title\"><a href=\"https:\/\/www.nosfemmeswallonnes.be\/index.php\/portfolio\/sainte-gertrude\/\">Sainte Gertrude<\/a><\/h4>\n                <\/div>\n                <a class=\"o-interactive-item--link\" href=\"https:\/\/www.nosfemmeswallonnes.be\/index.php\/portfolio\/sainte-gertrude\/\"><\/a>\n            <\/div>\n        <\/div>\n                    <div class=\"o-interactive-item o-interactive-item--disabled post-29289 portfolio type-portfolio status-publish has-post-thumbnail hentry portfolio_category-tournai\" data-id=\"29289\" data-count=\"2\">\n            <div class=\"o-interactive-item-inner  wow h-fadeInLeftNeuron\" data-wow-delay=0.2s>\n                <div class=\"o-interactive-item--image d-none\">\n                    <img fetchpriority=\"high\" decoding=\"async\" width=\"2048\" height=\"1046\" src=\"https:\/\/www.nosfemmeswallonnes.be\/wp-content\/uploads\/2023\/01\/Tournai.png\" class=\"attachment-post-thumbnail size-post-thumbnail wp-post-image\" alt=\"\" srcset=\"https:\/\/www.nosfemmeswallonnes.be\/wp-content\/uploads\/2023\/01\/Tournai.png 2048w, https:\/\/www.nosfemmeswallonnes.be\/wp-content\/uploads\/2023\/01\/Tournai-300x153.png 300w, https:\/\/www.nosfemmeswallonnes.be\/wp-content\/uploads\/2023\/01\/Tournai-1024x523.png 1024w, https:\/\/www.nosfemmeswallonnes.be\/wp-content\/uploads\/2023\/01\/Tournai-768x392.png 768w, https:\/\/www.nosfemmeswallonnes.be\/wp-content\/uploads\/2023\/01\/Tournai-1536x785.png 1536w, https:\/\/www.nosfemmeswallonnes.be\/wp-content\/uploads\/2023\/01\/Tournai-600x306.png 600w\" sizes=\"(max-width: 2048px) 100vw, 2048px\" \/>                <\/div>\n                <div class=\"o-interactive-item--holder\">\n                                            <span class=\"o-interactive-item--category\">Tournai<\/span>\n                                        <h4 class=\"o-interactive-item--title\"><a href=\"https:\/\/www.nosfemmeswallonnes.be\/index.php\/portfolio\/helene-dutrieu\/\">H\u00e9l\u00e8ne Dutrieu<\/a><\/h4>\n                <\/div>\n                <a class=\"o-interactive-item--link\" href=\"https:\/\/www.nosfemmeswallonnes.be\/index.php\/portfolio\/helene-dutrieu\/\"><\/a>\n            <\/div>\n        <\/div>\n                    <div class=\"o-interactive-item o-interactive-item--disabled post-29277 portfolio type-portfolio status-publish has-post-thumbnail hentry portfolio_category-liege\" data-id=\"29277\" data-count=\"3\">\n            <div class=\"o-interactive-item-inner  wow h-fadeInLeftNeuron\" data-wow-delay=0.4s>\n                <div class=\"o-interactive-item--image d-none\">\n                    <img decoding=\"async\" width=\"2048\" height=\"1046\" src=\"https:\/\/www.nosfemmeswallonnes.be\/wp-content\/uploads\/2023\/01\/Liege.png\" class=\"attachment-post-thumbnail size-post-thumbnail wp-post-image\" alt=\"\" srcset=\"https:\/\/www.nosfemmeswallonnes.be\/wp-content\/uploads\/2023\/01\/Liege.png 2048w, https:\/\/www.nosfemmeswallonnes.be\/wp-content\/uploads\/2023\/01\/Liege-300x153.png 300w, https:\/\/www.nosfemmeswallonnes.be\/wp-content\/uploads\/2023\/01\/Liege-1024x523.png 1024w, https:\/\/www.nosfemmeswallonnes.be\/wp-content\/uploads\/2023\/01\/Liege-768x392.png 768w, https:\/\/www.nosfemmeswallonnes.be\/wp-content\/uploads\/2023\/01\/Liege-1536x785.png 1536w, https:\/\/www.nosfemmeswallonnes.be\/wp-content\/uploads\/2023\/01\/Liege-600x306.png 600w\" sizes=\"(max-width: 2048px) 100vw, 2048px\" \/>                <\/div>\n                <div class=\"o-interactive-item--holder\">\n                                            <span class=\"o-interactive-item--category\">Li\u00e8ge<\/span>\n                                        <h4 class=\"o-interactive-item--title\"><a href=\"https:\/\/www.nosfemmeswallonnes.be\/index.php\/portfolio\/leonie-de-waha\/\">L\u00e9onie de Waha<\/a><\/h4>\n                <\/div>\n                <a class=\"o-interactive-item--link\" href=\"https:\/\/www.nosfemmeswallonnes.be\/index.php\/portfolio\/leonie-de-waha\/\"><\/a>\n            <\/div>\n        <\/div>\n                    <div class=\"o-interactive-item o-interactive-item--disabled post-29287 portfolio type-portfolio status-publish has-post-thumbnail hentry portfolio_category-la-louviere\" data-id=\"29287\" data-count=\"4\">\n            <div class=\"o-interactive-item-inner  wow h-fadeInLeftNeuron\" data-wow-delay=0.6s>\n                <div class=\"o-interactive-item--image d-none\">\n                    <img decoding=\"async\" width=\"2048\" height=\"1046\" src=\"https:\/\/www.nosfemmeswallonnes.be\/wp-content\/uploads\/2023\/01\/La-Louviere.png\" class=\"attachment-post-thumbnail size-post-thumbnail wp-post-image\" alt=\"\" srcset=\"https:\/\/www.nosfemmeswallonnes.be\/wp-content\/uploads\/2023\/01\/La-Louviere.png 2048w, https:\/\/www.nosfemmeswallonnes.be\/wp-content\/uploads\/2023\/01\/La-Louviere-300x153.png 300w, https:\/\/www.nosfemmeswallonnes.be\/wp-content\/uploads\/2023\/01\/La-Louviere-1024x523.png 1024w, https:\/\/www.nosfemmeswallonnes.be\/wp-content\/uploads\/2023\/01\/La-Louviere-768x392.png 768w, https:\/\/www.nosfemmeswallonnes.be\/wp-content\/uploads\/2023\/01\/La-Louviere-1536x785.png 1536w, https:\/\/www.nosfemmeswallonnes.be\/wp-content\/uploads\/2023\/01\/La-Louviere-600x306.png 600w\" sizes=\"(max-width: 2048px) 100vw, 2048px\" \/>                <\/div>\n                <div class=\"o-interactive-item--holder\">\n                                            <span class=\"o-interactive-item--category\">La Louvi\u00e8re<\/span>\n                                        <h4 class=\"o-interactive-item--title\"><a href=\"https:\/\/www.nosfemmeswallonnes.be\/index.php\/portfolio\/anna-boch\/\">Anna Boch<\/a><\/h4>\n                <\/div>\n                <a class=\"o-interactive-item--link\" href=\"https:\/\/www.nosfemmeswallonnes.be\/index.php\/portfolio\/anna-boch\/\"><\/a>\n            <\/div>\n        <\/div>\n                    <div class=\"o-interactive-item o-interactive-item--disabled post-29285 portfolio type-portfolio status-publish has-post-thumbnail hentry portfolio_category-habay\" data-id=\"29285\" data-count=\"5\">\n            <div class=\"o-interactive-item-inner  wow h-fadeInLeftNeuron\" data-wow-delay=0.8s>\n                <div class=\"o-interactive-item--image d-none\">\n                    <img loading=\"lazy\" decoding=\"async\" width=\"2048\" height=\"1046\" src=\"https:\/\/www.nosfemmeswallonnes.be\/wp-content\/uploads\/2023\/01\/Habay.png\" class=\"attachment-post-thumbnail size-post-thumbnail wp-post-image\" alt=\"\" srcset=\"https:\/\/www.nosfemmeswallonnes.be\/wp-content\/uploads\/2023\/01\/Habay.png 2048w, https:\/\/www.nosfemmeswallonnes.be\/wp-content\/uploads\/2023\/01\/Habay-300x153.png 300w, https:\/\/www.nosfemmeswallonnes.be\/wp-content\/uploads\/2023\/01\/Habay-1024x523.png 1024w, https:\/\/www.nosfemmeswallonnes.be\/wp-content\/uploads\/2023\/01\/Habay-768x392.png 768w, https:\/\/www.nosfemmeswallonnes.be\/wp-content\/uploads\/2023\/01\/Habay-1536x785.png 1536w, https:\/\/www.nosfemmeswallonnes.be\/wp-content\/uploads\/2023\/01\/Habay-600x306.png 600w\" sizes=\"(max-width: 2048px) 100vw, 2048px\" \/>                <\/div>\n                <div class=\"o-interactive-item--holder\">\n                                            <span class=\"o-interactive-item--category\">Habay<\/span>\n                                        <h4 class=\"o-interactive-item--title\"><a href=\"https:\/\/www.nosfemmeswallonnes.be\/index.php\/portfolio\/amelie-nothomb\/\">Am\u00e9lie Nothomb<\/a><\/h4>\n                <\/div>\n                <a class=\"o-interactive-item--link\" href=\"https:\/\/www.nosfemmeswallonnes.be\/index.php\/portfolio\/amelie-nothomb\/\"><\/a>\n            <\/div>\n        <\/div>\n                    <div class=\"o-interactive-item o-interactive-item--disabled post-29283 portfolio type-portfolio status-publish has-post-thumbnail hentry portfolio_category-bouillon\" data-id=\"29283\" data-count=\"6\">\n            <div class=\"o-interactive-item-inner  wow h-fadeInLeftNeuron\" data-wow-delay=1s>\n                <div class=\"o-interactive-item--image d-none\">\n                    <img loading=\"lazy\" decoding=\"async\" width=\"2048\" height=\"1046\" src=\"https:\/\/www.nosfemmeswallonnes.be\/wp-content\/uploads\/2023\/01\/Bouillon-1.png\" class=\"attachment-post-thumbnail size-post-thumbnail wp-post-image\" alt=\"\" srcset=\"https:\/\/www.nosfemmeswallonnes.be\/wp-content\/uploads\/2023\/01\/Bouillon-1.png 2048w, https:\/\/www.nosfemmeswallonnes.be\/wp-content\/uploads\/2023\/01\/Bouillon-1-300x153.png 300w, https:\/\/www.nosfemmeswallonnes.be\/wp-content\/uploads\/2023\/01\/Bouillon-1-1024x523.png 1024w, https:\/\/www.nosfemmeswallonnes.be\/wp-content\/uploads\/2023\/01\/Bouillon-1-768x392.png 768w, https:\/\/www.nosfemmeswallonnes.be\/wp-content\/uploads\/2023\/01\/Bouillon-1-1536x785.png 1536w, https:\/\/www.nosfemmeswallonnes.be\/wp-content\/uploads\/2023\/01\/Bouillon-1-600x306.png 600w\" sizes=\"(max-width: 2048px) 100vw, 2048px\" \/>                <\/div>\n                <div class=\"o-interactive-item--holder\">\n                                            <span class=\"o-interactive-item--category\">Bouillon<\/span>\n                                        <h4 class=\"o-interactive-item--title\"><a href=\"https:\/\/www.nosfemmeswallonnes.be\/index.php\/portfolio\/madeleine-ozeray\/\">Madeleine Ozeray<\/a><\/h4>\n                <\/div>\n                <a class=\"o-interactive-item--link\" href=\"https:\/\/www.nosfemmeswallonnes.be\/index.php\/portfolio\/madeleine-ozeray\/\"><\/a>\n            <\/div>\n        <\/div>\n                    <div class=\"o-interactive-item o-interactive-item--disabled post-29281 portfolio type-portfolio status-publish has-post-thumbnail hentry portfolio_category-namur\" data-id=\"29281\" data-count=\"7\">\n            <div class=\"o-interactive-item-inner  wow h-fadeInLeftNeuron\" >\n                <div class=\"o-interactive-item--image d-none\">\n                    <img loading=\"lazy\" decoding=\"async\" width=\"2048\" height=\"1046\" src=\"https:\/\/www.nosfemmeswallonnes.be\/wp-content\/uploads\/2023\/01\/Namur.png\" class=\"attachment-post-thumbnail size-post-thumbnail wp-post-image\" alt=\"\" srcset=\"https:\/\/www.nosfemmeswallonnes.be\/wp-content\/uploads\/2023\/01\/Namur.png 2048w, https:\/\/www.nosfemmeswallonnes.be\/wp-content\/uploads\/2023\/01\/Namur-300x153.png 300w, https:\/\/www.nosfemmeswallonnes.be\/wp-content\/uploads\/2023\/01\/Namur-1024x523.png 1024w, https:\/\/www.nosfemmeswallonnes.be\/wp-content\/uploads\/2023\/01\/Namur-768x392.png 768w, https:\/\/www.nosfemmeswallonnes.be\/wp-content\/uploads\/2023\/01\/Namur-1536x785.png 1536w, https:\/\/www.nosfemmeswallonnes.be\/wp-content\/uploads\/2023\/01\/Namur-600x306.png 600w\" sizes=\"(max-width: 2048px) 100vw, 2048px\" \/>                <\/div>\n                <div class=\"o-interactive-item--holder\">\n                                            <span class=\"o-interactive-item--category\">Namur<\/span>\n                                        <h4 class=\"o-interactive-item--title\"><a href=\"https:\/\/www.nosfemmeswallonnes.be\/index.php\/portfolio\/marie-dartois\/\">Marie d&#8217;Artois<\/a><\/h4>\n                <\/div>\n                <a class=\"o-interactive-item--link\" href=\"https:\/\/www.nosfemmeswallonnes.be\/index.php\/portfolio\/marie-dartois\/\"><\/a>\n            <\/div>\n        <\/div>\n                    <div class=\"o-interactive-item o-interactive-item--disabled post-29279 portfolio type-portfolio status-publish has-post-thumbnail hentry portfolio_category-verviers\" data-id=\"29279\" data-count=\"8\">\n            <div class=\"o-interactive-item-inner  wow h-fadeInLeftNeuron\" data-wow-delay=0.2s>\n                <div class=\"o-interactive-item--image d-none\">\n                    <img loading=\"lazy\" decoding=\"async\" width=\"2048\" height=\"1046\" src=\"https:\/\/www.nosfemmeswallonnes.be\/wp-content\/uploads\/2023\/01\/Verviers.png\" class=\"attachment-post-thumbnail size-post-thumbnail wp-post-image\" alt=\"\" srcset=\"https:\/\/www.nosfemmeswallonnes.be\/wp-content\/uploads\/2023\/01\/Verviers.png 2048w, https:\/\/www.nosfemmeswallonnes.be\/wp-content\/uploads\/2023\/01\/Verviers-300x153.png 300w, https:\/\/www.nosfemmeswallonnes.be\/wp-content\/uploads\/2023\/01\/Verviers-1024x523.png 1024w, https:\/\/www.nosfemmeswallonnes.be\/wp-content\/uploads\/2023\/01\/Verviers-768x392.png 768w, https:\/\/www.nosfemmeswallonnes.be\/wp-content\/uploads\/2023\/01\/Verviers-1536x785.png 1536w, https:\/\/www.nosfemmeswallonnes.be\/wp-content\/uploads\/2023\/01\/Verviers-600x306.png 600w\" sizes=\"(max-width: 2048px) 100vw, 2048px\" \/>                <\/div>\n                <div class=\"o-interactive-item--holder\">\n                                            <span class=\"o-interactive-item--category\">Verviers<\/span>\n                                        <h4 class=\"o-interactive-item--title\"><a href=\"https:\/\/www.nosfemmeswallonnes.be\/index.php\/portfolio\/marie-mineur\/\">Marie Mineur<\/a><\/h4>\n                <\/div>\n                <a class=\"o-interactive-item--link\" href=\"https:\/\/www.nosfemmeswallonnes.be\/index.php\/portfolio\/marie-mineur\/\"><\/a>\n            <\/div>\n        <\/div>\n                    <div class=\"o-interactive-item o-interactive-item--disabled post-3420 portfolio type-portfolio status-publish has-post-thumbnail hentry portfolio_category-ciney\" data-id=\"3420\" data-count=\"9\">\n            <div class=\"o-interactive-item-inner  wow h-fadeInLeftNeuron\" data-wow-delay=0.4s>\n                <div class=\"o-interactive-item--image d-none\">\n                    <img loading=\"lazy\" decoding=\"async\" width=\"2048\" height=\"1046\" src=\"https:\/\/www.nosfemmeswallonnes.be\/wp-content\/uploads\/2023\/01\/Ciney.png\" class=\"attachment-post-thumbnail size-post-thumbnail wp-post-image\" alt=\"\" srcset=\"https:\/\/www.nosfemmeswallonnes.be\/wp-content\/uploads\/2023\/01\/Ciney.png 2048w, https:\/\/www.nosfemmeswallonnes.be\/wp-content\/uploads\/2023\/01\/Ciney-300x153.png 300w, https:\/\/www.nosfemmeswallonnes.be\/wp-content\/uploads\/2023\/01\/Ciney-1024x523.png 1024w, https:\/\/www.nosfemmeswallonnes.be\/wp-content\/uploads\/2023\/01\/Ciney-768x392.png 768w, https:\/\/www.nosfemmeswallonnes.be\/wp-content\/uploads\/2023\/01\/Ciney-1536x785.png 1536w, https:\/\/www.nosfemmeswallonnes.be\/wp-content\/uploads\/2023\/01\/Ciney-600x306.png 600w\" sizes=\"(max-width: 2048px) 100vw, 2048px\" \/>                <\/div>\n                <div class=\"o-interactive-item--holder\">\n                                            <span class=\"o-interactive-item--category\">Ciney<\/span>\n                                        <h4 class=\"o-interactive-item--title\"><a href=\"https:\/\/www.nosfemmeswallonnes.be\/index.php\/portfolio\/euphrasie-mbamba\/\">Euphrasie Mbamba<\/a><\/h4>\n                <\/div>\n                <a class=\"o-interactive-item--link\" href=\"https:\/\/www.nosfemmeswallonnes.be\/index.php\/portfolio\/euphrasie-mbamba\/\"><\/a>\n            <\/div>\n        <\/div>\n                    <div class=\"o-interactive-item o-interactive-item--disabled post-29293 portfolio type-portfolio status-publish has-post-thumbnail hentry portfolio_category-chaumont-gistoux\" data-id=\"29293\" data-count=\"10\">\n            <div class=\"o-interactive-item-inner  wow h-fadeInLeftNeuron\" data-wow-delay=0.6s>\n                <div class=\"o-interactive-item--image d-none\">\n                    <img loading=\"lazy\" decoding=\"async\" width=\"2048\" height=\"1046\" src=\"https:\/\/www.nosfemmeswallonnes.be\/wp-content\/uploads\/2023\/01\/Chaumont.png\" class=\"attachment-post-thumbnail size-post-thumbnail wp-post-image\" alt=\"\" srcset=\"https:\/\/www.nosfemmeswallonnes.be\/wp-content\/uploads\/2023\/01\/Chaumont.png 2048w, https:\/\/www.nosfemmeswallonnes.be\/wp-content\/uploads\/2023\/01\/Chaumont-300x153.png 300w, https:\/\/www.nosfemmeswallonnes.be\/wp-content\/uploads\/2023\/01\/Chaumont-1024x523.png 1024w, https:\/\/www.nosfemmeswallonnes.be\/wp-content\/uploads\/2023\/01\/Chaumont-768x392.png 768w, https:\/\/www.nosfemmeswallonnes.be\/wp-content\/uploads\/2023\/01\/Chaumont-1536x785.png 1536w, https:\/\/www.nosfemmeswallonnes.be\/wp-content\/uploads\/2023\/01\/Chaumont-600x306.png 600w\" sizes=\"(max-width: 2048px) 100vw, 2048px\" \/>                <\/div>\n                <div class=\"o-interactive-item--holder\">\n                                            <span class=\"o-interactive-item--category\">Chaumont-Gistoux<\/span>\n                                        <h4 class=\"o-interactive-item--title\"><a href=\"https:\/\/www.nosfemmeswallonnes.be\/index.php\/portfolio\/les-sorcieres-de-chaumont\/\">Les sorci\u00e8res de Chaumont<\/a><\/h4>\n                <\/div>\n                <a class=\"o-interactive-item--link\" href=\"https:\/\/www.nosfemmeswallonnes.be\/index.php\/portfolio\/les-sorcieres-de-chaumont\/\"><\/a>\n            <\/div>\n        <\/div>\n    <\/div>        <\/div>\n        \t\t\t\t<\/div>\n\t\t\t\t<\/div>\n\t\t\t\t\t<\/div>\n\t\t<\/div>\n\t\t\t\t\t<\/div>\n\t\t<\/section>\n\t\t\t\t<\/div>\n\t\t","protected":false},"excerpt":{"rendered":"<p>Province du Brabant Wallon Tournai H\u00e9l\u00e8ne Dutrieu Li\u00e8ge L\u00e9onie de Waha La Louvi\u00e8re Anna Boch Habay Am\u00e9lie Nothomb&#8230;<\/p>\n","protected":false},"author":1,"featured_media":0,"parent":0,"menu_order":27,"comment_status":"closed","ping_status":"closed","template":"","meta":{"_acf_changed":false,"footnotes":""},"class_list":["post-21585","page","type-page","status-publish","hentry"],"acf":[],"_links":{"self":[{"href":"https:\/\/www.nosfemmeswallonnes.be\/index.php\/wp-json\/wp\/v2\/pages\/21585","targetHints":{"allow":["GET"]}}],"collection":[{"href":"https:\/\/www.nosfemmeswallonnes.be\/index.php\/wp-json\/wp\/v2\/pages"}],"about":[{"href":"https:\/\/www.nosfemmeswallonnes.be\/index.php\/wp-json\/wp\/v2\/types\/page"}],"author":[{"embeddable":true,"href":"https:\/\/www.nosfemmeswallonnes.be\/index.php\/wp-json\/wp\/v2\/users\/1"}],"replies":[{"embeddable":true,"href":"https:\/\/www.nosfemmeswallonnes.be\/index.php\/wp-json\/wp\/v2\/comments?post=21585"}],"version-history":[{"count":20,"href":"https:\/\/www.nosfemmeswallonnes.be\/index.php\/wp-json\/wp\/v2\/pages\/21585\/revisions"}],"predecessor-version":[{"id":29563,"href":"https:\/\/www.nosfemmeswallonnes.be\/index.php\/wp-json\/wp\/v2\/pages\/21585\/revisions\/29563"}],"wp:attachment":[{"href":"https:\/\/www.nosfemmeswallonnes.be\/index.php\/wp-json\/wp\/v2\/media?parent=21585"}],"curies":[{"name":"wp","href":"https:\/\/api.w.org\/{rel}","templated":true}]}}